{"id":18,"date":"2019-09-11T15:46:23","date_gmt":"2019-09-11T15:46:23","guid":{"rendered":"http:\/\/lacasadeltoner.com.co\/Toner\/?page_id=18"},"modified":"2019-10-04T16:34:46","modified_gmt":"2019-10-04T16:34:46","slug":"nosotros-2","status":"publish","type":"page","link":"https:\/\/lacasadeltoner.com.co\/Toner\/nosotros-2\/","title":{"rendered":"NOSOTROS"},"content":{"rendered":"<div id=\"pl-18\"  class=\"panel-layout\" ><div id=\"pg-18-0\"  class=\"panel-grid panel-no-style\" ><div id=\"pgc-18-0-0\"  class=\"panel-grid-cell\" ><div id=\"panel-18-0-0-0\" class=\"so-panel widget widget_black-studio-tinymce widget_black_studio_tinymce panel-first-child\" data-index=\"0\" ><div class=\"textwidget\"><p><img loading=\"lazy\" decoding=\"async\" class=\"alignnone size-full wp-image-250\" src=\"http:\/\/lacasadeltoner.com.co\/Toner\/wp-content\/uploads\/2019\/09\/vinosotros.jpg\" alt=\"\" width=\"1920\" height=\"133\" srcset=\"https:\/\/lacasadeltoner.com.co\/Toner\/wp-content\/uploads\/2019\/09\/vinosotros.jpg 1920w, https:\/\/lacasadeltoner.com.co\/Toner\/wp-content\/uploads\/2019\/09\/vinosotros-300x21.jpg 300w, https:\/\/lacasadeltoner.com.co\/Toner\/wp-content\/uploads\/2019\/09\/vinosotros-768x53.jpg 768w, https:\/\/lacasadeltoner.com.co\/Toner\/wp-content\/uploads\/2019\/09\/vinosotros-1024x71.jpg 1024w, https:\/\/lacasadeltoner.com.co\/Toner\/wp-content\/uploads\/2019\/09\/vinosotros-150x10.jpg 150w\" sizes=\"auto, (max-width: 1920px) 100vw, 1920px\" \/><\/p>\n<\/div><\/div><div id=\"panel-18-0-0-1\" class=\"so-panel widget widget_black-studio-tinymce widget_black_studio_tinymce panel-last-child\" data-index=\"1\" ><div class=\"textwidget\"><p><img loading=\"lazy\" decoding=\"async\" class=\"alignnone size-full wp-image-155\" src=\"http:\/\/lacasadeltoner.com.co\/Toner\/wp-content\/uploads\/2019\/09\/nosotros3.jpg\" alt=\"\" width=\"1920\" height=\"728\" srcset=\"https:\/\/lacasadeltoner.com.co\/Toner\/wp-content\/uploads\/2019\/09\/nosotros3.jpg 1920w, https:\/\/lacasadeltoner.com.co\/Toner\/wp-content\/uploads\/2019\/09\/nosotros3-300x114.jpg 300w, https:\/\/lacasadeltoner.com.co\/Toner\/wp-content\/uploads\/2019\/09\/nosotros3-768x291.jpg 768w, https:\/\/lacasadeltoner.com.co\/Toner\/wp-content\/uploads\/2019\/09\/nosotros3-1024x388.jpg 1024w, https:\/\/lacasadeltoner.com.co\/Toner\/wp-content\/uploads\/2019\/09\/nosotros3-150x57.jpg 150w\" sizes=\"auto, (max-width: 1920px) 100vw, 1920px\" \/><\/p>\n<\/div><\/div><\/div><\/div><div id=\"pg-18-1\"  class=\"panel-grid panel-no-style\" ><div id=\"pgc-18-1-0\"  class=\"panel-grid-cell panel-grid-cell-empty\" ><\/div><\/div><div id=\"pg-18-2\"  class=\"panel-grid panel-no-style\" ><div id=\"pgc-18-2-0\"  class=\"panel-grid-cell\" ><div id=\"panel-18-2-0-0\" class=\"so-panel widget widget_black-studio-tinymce widget_black_studio_tinymce panel-first-child panel-last-child\" data-index=\"2\" ><div class=\"textwidget\"><p style=\"text-align: justify;\">Somos una empresa creada en el a\u00f1o 2003, dedicada a la comercializaci\u00f3n de suministros de impresi\u00f3n y productos de tecnolog\u00eda, pensando siempre en el beneficio y la satisfacci\u00f3n de nuestros clientes, sabiendo lo importante que es para ellos mantener el buen funcionamiento de sus equipos. El constante avance de la tecnolog\u00eda exige que la empresa se mantenga a la vanguardia y as\u00ed mismo poder ofrecer productos y soluciones innovadoras.<\/p>\n<p>Nuestro compromiso es llegar a nuestros clientes alcanzando niveles \u00f3ptimos de crecimiento empresarial e individual con base en el respeto que se siente por las personas vinculadas a la empresa. Todo esto es posible porque contamos con un equipo de trabajo altamente comprometido y capacitado,\u00a0 garantizando respaldo y soporte permanente a nuestros clientes.<\/p>\n<\/div><\/div><\/div><div id=\"pgc-18-2-1\"  class=\"panel-grid-cell\" ><div id=\"panel-18-2-1-0\" class=\"so-panel widget widget_black-studio-tinymce widget_black_studio_tinymce panel-first-child panel-last-child\" data-index=\"3\" ><div class=\"textwidget\"><p><img loading=\"lazy\" decoding=\"async\" class=\"alignnone size-full wp-image-6\" src=\"http:\/\/lacasadeltoner.com.co\/Toner\/wp-content\/uploads\/2019\/09\/nosotros2.jpg\" alt=\"\" width=\"594\" height=\"348\" srcset=\"https:\/\/lacasadeltoner.com.co\/Toner\/wp-content\/uploads\/2019\/09\/nosotros2.jpg 594w, https:\/\/lacasadeltoner.com.co\/Toner\/wp-content\/uploads\/2019\/09\/nosotros2-300x176.jpg 300w, https:\/\/lacasadeltoner.com.co\/Toner\/wp-content\/uploads\/2019\/09\/nosotros2-150x88.jpg 150w\" sizes=\"auto, (max-width: 594px) 100vw, 594px\" \/><\/p>\n<\/div><\/div><\/div><\/div><\/div>","protected":false},"excerpt":{"rendered":"<p>Somos una empresa creada en el a\u00f1o 2003, dedicada a la comercializaci\u00f3n de suministros de impresi\u00f3n y productos de tecnolog\u00eda, pensando siempre en el beneficio y la satisfacci\u00f3n de nuestros clientes, sabiendo lo importante que es para ellos mantener el buen funcionamiento de sus equipos. El constante avance de la&#8230;<\/p>\n<p> <a class=\"continue-reading-link\" href=\"https:\/\/lacasadeltoner.com.co\/Toner\/nosotros-2\/\"><span>Continue reading<\/span><i class=\"crycon-right-dir\"><\/i><\/a> <\/p>\n","protected":false},"author":1,"featured_media":0,"parent":0,"menu_order":0,"comment_status":"closed","ping_status":"closed","template":"","meta":{"footnotes":""},"class_list":["post-18","page","type-page","status-publish","hentry"],"_links":{"self":[{"href":"https:\/\/lacasadeltoner.com.co\/Toner\/wp-json\/wp\/v2\/pages\/18","targetHints":{"allow":["GET"]}}],"collection":[{"href":"https:\/\/lacasadeltoner.com.co\/Toner\/wp-json\/wp\/v2\/pages"}],"about":[{"href":"https:\/\/lacasadeltoner.com.co\/Toner\/wp-json\/wp\/v2\/types\/page"}],"author":[{"embeddable":true,"href":"https:\/\/lacasadeltoner.com.co\/Toner\/wp-json\/wp\/v2\/users\/1"}],"replies":[{"embeddable":true,"href":"https:\/\/lacasadeltoner.com.co\/Toner\/wp-json\/wp\/v2\/comments?post=18"}],"version-history":[{"count":8,"href":"https:\/\/lacasadeltoner.com.co\/Toner\/wp-json\/wp\/v2\/pages\/18\/revisions"}],"predecessor-version":[{"id":288,"href":"https:\/\/lacasadeltoner.com.co\/Toner\/wp-json\/wp\/v2\/pages\/18\/revisions\/288"}],"wp:attachment":[{"href":"https:\/\/lacasadeltoner.com.co\/Toner\/wp-json\/wp\/v2\/media?parent=18"}],"curies":[{"name":"wp","href":"https:\/\/api.w.org\/{rel}","templated":true}]}}